{"id":71,"date":"2013-08-24T15:22:08","date_gmt":"2013-08-24T13:22:08","guid":{"rendered":"https:\/\/lamiacinofilia360.it\/?page_id=71"},"modified":"2025-06-12T19:52:14","modified_gmt":"2025-06-12T17:52:14","slug":"it","status":"publish","type":"page","link":"https:\/\/lamiacinofilia360.it\/it\/","title":{"rendered":"Home page"},"content":{"rendered":"<p style=\"text-align: center;\"><span style=\"text-align: center;\"><a href=\"https:\/\/lamiacinofilia360.it\/wp-content\/uploads\/2013\/12\/header.png\"><img loading=\"lazy\" decoding=\"async\" class=\"aligncenter size-medium wp-image-8204\" src=\"https:\/\/lamiacinofilia360.it\/wp-content\/uploads\/2013\/12\/header-300x62.png\" alt=\"\" width=\"300\" height=\"62\" srcset=\"https:\/\/lamiacinofilia360.it\/wp-content\/uploads\/2013\/12\/header-300x62.png 300w, https:\/\/lamiacinofilia360.it\/wp-content\/uploads\/2013\/12\/header.png 950w\" sizes=\"auto, (max-width: 300px) 100vw, 300px\" \/><\/a>\u00a0<\/span><\/p>\n<p>&nbsp;<\/p>\n<h2 style=\"text-align: center;\"><a href=\"https:\/\/lamiacinofilia360.it\/wp-content\/uploads\/2013\/10\/P1020625.jpg\"><img loading=\"lazy\" decoding=\"async\" class=\"alignnone wp-image-12722 aligncenter\" src=\"https:\/\/lamiacinofilia360.it\/wp-content\/uploads\/2013\/10\/P1020625.jpg\" alt=\"P1020625\" width=\"478\" height=\"360\" srcset=\"https:\/\/lamiacinofilia360.it\/wp-content\/uploads\/2013\/10\/P1020625.jpg 1024w, https:\/\/lamiacinofilia360.it\/wp-content\/uploads\/2013\/10\/P1020625-300x225.jpg 300w\" sizes=\"auto, (max-width: 478px) 100vw, 478px\" \/><\/a><\/h2>\n<h2 style=\"text-align: center;\">\u00a0\u00a0I <strong>Titoli nell&#8217;Home Page sono in Italiano e Inglese (Clicca su Bandierina)<\/strong><\/h2>\n<h2 style=\"text-align: center;\"><strong>o in alcuni casi in Doppia Lingua (IT-EN)\u00a0<\/strong><\/h2>\n<h1 style=\"text-align: center;\"><\/h1>\n<blockquote>\n<h2 style=\"text-align: center;\"><strong>A SINISTRA \u00a0&#8230; POSIZIONANDO IL MOUSE SULLA FRECCIA, <\/strong><\/h2>\n<h2 style=\"text-align: center;\"><strong>SI APRIRA&#8217; UNA \u00a0FINESTRA CON INDICATO \u00a0I SINGOLI EVENTI<\/strong><\/h2>\n<\/blockquote>\n<p>&nbsp;<\/p>\n<h2 style=\"text-align: center;\"><em>\u00a0<\/em>Cliccando sui Titoli di\u00a0destra e\u00a0sinistra del Menu da\u00a0me elencati nella HOME PAGE, si apriranno numerosi ed interessanti\u00a0Link ad \u00a0essi correlati .<\/h2>\n<h2 style=\"text-align: center;\"><a href=\"https:\/\/lamiacinofilia360.it\/it\/canehomeanimato\/\"><img loading=\"lazy\" decoding=\"async\" class=\"aligncenter size-full wp-image-117\" src=\"https:\/\/lamiacinofilia360.it\/wp-content\/uploads\/2013\/08\/canehomeanimato.gif\" alt=\"\" width=\"166\" height=\"122\" \/><\/a><\/h2>\n<h1 style=\"text-align: center;\"><span style=\"color: #000000;\"><strong><em>In questi anni molto ho viaggiato, \u00a0<\/em><\/strong><\/span><\/h1>\n<h1 style=\"text-align: center;\"><span style=\"color: #000000;\"><strong><em>osservato, dialogato, studiato \u00a0e molto appreso&#8230; \u00a0<\/em><\/strong><\/span><\/h1>\n<p>&nbsp;<\/p>\n<p>&nbsp;<\/p>\n<h2 style=\"text-align: center;\"><em><strong>IL &#8220;MIO DOGS OF THE WORLD E&#8217; MOMENTANEAMENTE IN MANUTENZIONE \u00a0<\/strong><\/em><\/h2>\n<p style=\"text-align: center;\"><a href=\"https:\/\/lamiacinofilia360.it\/wp-content\/uploads\/2019\/02\/dogs-of-the-world.jpeg\"><img loading=\"lazy\" decoding=\"async\" class=\"aligncenter size-full wp-image-44256\" src=\"https:\/\/lamiacinofilia360.it\/wp-content\/uploads\/2019\/02\/dogs-of-the-world.jpeg\" alt=\"\" width=\"1279\" height=\"283\" srcset=\"https:\/\/lamiacinofilia360.it\/wp-content\/uploads\/2019\/02\/dogs-of-the-world.jpeg 1279w, https:\/\/lamiacinofilia360.it\/wp-content\/uploads\/2019\/02\/dogs-of-the-world-300x66.jpeg 300w, https:\/\/lamiacinofilia360.it\/wp-content\/uploads\/2019\/02\/dogs-of-the-world-768x170.jpeg 768w, https:\/\/lamiacinofilia360.it\/wp-content\/uploads\/2019\/02\/dogs-of-the-world-1024x227.jpeg 1024w\" sizes=\"auto, (max-width: 1279px) 100vw, 1279px\" \/><\/a><\/p>\n<blockquote>\n<h2 style=\"text-align: center;\">\u00a0\u00a0Perch\u00e9 \u00a0 &#8220;DOGS \u00a0OF \u00a0THE WORLD?<\/h2>\n<h2 style=\"text-align: center;\">Perch\u00e9 il Cane non \u00e8 solo quello della porta accanto! (ICani \u00a0nel mondo, non sono solo quelli \u00a0da me inseriti nel mio Website, ma esistono tante altre Tipologie)<\/h2>\n<p style=\"text-align: center;\">\n<\/blockquote>\n<h1 style=\"text-align: center;\"><span style=\"color: #000000;\"><strong><span style=\"color: #008000;\"><span style=\"caret-color: #008000;\">BREVE STORIA DEL MIO WEBSITE<\/span><\/span><\/strong><\/span><\/h1>\n<h3 style=\"text-align: center;\"><strong><span style=\"color: #800000;\">Il mio Website comprende i \u00a0&#8220;Miei Viaggi Cinofili&#8221;, \u00a0 dal\u00a02004\/2005 sino ad oggi. \u00a0 Appena \u00a0arrivato sul luogo dell&#8217;evento, il mio primo desiderio \u00a0era quello di procurarmi il catalogo o locandina. Quando esse \u00a0non erano disponibili, appena tornato a casa, mi autocostruivo \u00a0la Locandina dell&#8217;Evento appena visto, aiutandomi con ritagli di riviste\/foto scaricate dal Web, per appenderla, poi al muro di una stanza adibita a cio&#8217;.<\/span><\/strong><\/h3>\n<h3><strong><span style=\"color: #800000;\">Nel mio sito sono presenti foto scattate da me anche se non erano, nel modo pi\u00f9&#8217; assoluto, il mio obiettivo principale, perch\u00e9 ci\u00f2 che pi\u00f9&#8217; mi interessava era osservare l&#8217;evento nei suoi dettagli &#8230;<\/span><\/strong><\/h3>\n<h3><strong><span style=\"color: #800000;\">Il sito si presenta nell&#8217;Home Page con i &#8220;Miei Viaggi Cinofili&#8221; elencati sul lato destro e sinistro e per ogni evento osservato ho inserito link\/video \u00a0i pi\u00f9 \u00a0possibili inerenti e non , dai quali \u00e9 sempre possibile collegarsi ad altri ed altri ancora &#8230; \u00a0<\/span><\/strong><\/h3>\n<h3 style=\"text-align: center;\"><strong><span style=\"color: #800000;\">Gli articoli e i Video visionati, non sono solo quelli da me\u00a0<span style=\"caret-color: #800000;\">inseriti\u00a0<\/span>\u00a0ma &#8230; tanti altri &#8230;<\/span><\/strong><\/h3>\n<h3><strong><span style=\"color: #800000;\">\u00a0Per un miglior studio del cane e \u00a0del \u00a0suo comportamento, quando serve, mi avvalgo della &#8220;collaborazione&#8221; \u00a0di Binoccoli ad \u00a0altissime prestazioni ( in passato: Leica 7 x 42 Trinovid, \u00a0Swarowsky \u00a0EL 8,5 x 42 WB e attualmente Swarovski NL Pure 8&#215;42 e Swarovski NL Pure 10&#215;52). \u00a0 \u00a0 Inoltre, per una \u00a0maggior chiarezza e completezza \u00a0di immagine \u00a0ho sempre usato \u00a0PC \u00a0da 27&#8243; \u00a0 per arrivare ad un \u00a0iMac 27&#8243;. \u00a0 \u00a0Attualmente \u00a0dispongo di un \u00a0iMac display 5k retina sempre da 27&#8243;.\u00a0<\/span><\/strong><\/h3>\n<h3><strong>\u00a0<\/strong><\/h3>\n<h3><\/h3>\n<h2 style=\"text-align: center;\"><span style=\"color: #800000;\"><strong>LA MIA PASSIONE PER LO STUDIO DEL COMPORTAMENTO ANIMALE<\/strong><\/span><\/h2>\n<h2 style=\"text-align: center;\"><span style=\"color: #800000;\"><strong> in Scrivania, in Esterno e in Natura &#8230; \u00a0<\/strong><\/span><\/h2>\n<p>&nbsp;<\/p>\n","protected":false},"excerpt":{"rendered":"<p>\u00a0 &nbsp; \u00a0\u00a0I Titoli nell&#8217;Home Page sono in Italiano e Inglese (Clicca su Bandierina) o in alcuni casi in Doppia Lingua (IT-EN)\u00a0 A SINISTRA \u00a0&#8230; POSIZIONANDO IL MOUSE SULLA FRECCIA, SI APRIRA&#8217; UNA \u00a0FINESTRA CON INDICATO \u00a0I SINGOLI EVENTI &nbsp; \u00a0Cliccando sui Titoli di\u00a0destra e\u00a0sinistra del Menu da\u00a0me elencati nella HOME PAGE, si apriranno numerosi [&hellip;]<\/p>\n","protected":false},"author":4,"featured_media":0,"parent":0,"menu_order":76,"comment_status":"closed","ping_status":"open","template":"","meta":{"footnotes":""},"class_list":["post-71","page","type-page","status-publish","hentry"],"yoast_head":"<!-- This site is optimized with the Yoast SEO plugin v24.0 - https:\/\/yoast.com\/wordpress\/plugins\/seo\/ -->\n<title>Home page - La mia Cinofilia 360<\/title>\n<meta name=\"robots\" content=\"index, follow, max-snippet:-1, max-image-preview:large, max-video-preview:-1\" \/>\n<link rel=\"canonical\" href=\"https:\/\/lamiacinofilia360.it\/\" \/>\n<meta property=\"og:locale\" content=\"it_IT\" \/>\n<meta property=\"og:type\" content=\"article\" \/>\n<meta property=\"og:title\" content=\"Home page - La mia Cinofilia 360\" \/>\n<meta property=\"og:description\" content=\"\u00a0 &nbsp; \u00a0\u00a0I Titoli nell&#8217;Home Page sono in Italiano e Inglese (Clicca su Bandierina) o in alcuni casi in Doppia Lingua (IT-EN)\u00a0 A SINISTRA \u00a0&#8230; POSIZIONANDO IL MOUSE SULLA FRECCIA, SI APRIRA&#8217; UNA \u00a0FINESTRA CON INDICATO \u00a0I SINGOLI EVENTI &nbsp; \u00a0Cliccando sui Titoli di\u00a0destra e\u00a0sinistra del Menu da\u00a0me elencati nella HOME PAGE, si apriranno numerosi [&hellip;]\" \/>\n<meta property=\"og:url\" content=\"https:\/\/lamiacinofilia360.it\/\" \/>\n<meta property=\"og:site_name\" content=\"La mia Cinofilia 360\" \/>\n<meta property=\"article:modified_time\" content=\"2025-06-12T17:52:14+00:00\" \/>\n<meta property=\"og:image\" content=\"https:\/\/lamiacinofilia360.it\/wp-content\/uploads\/2013\/12\/header.png\" \/>\n\t<meta property=\"og:image:width\" content=\"950\" \/>\n\t<meta property=\"og:image:height\" content=\"198\" \/>\n\t<meta property=\"og:image:type\" content=\"image\/png\" \/>\n<meta name=\"twitter:label1\" content=\"Tempo di lettura stimato\" \/>\n\t<meta name=\"twitter:data1\" content=\"2 minuti\" \/>\n<script type=\"application\/ld+json\" class=\"yoast-schema-graph\">{\"@context\":\"https:\/\/schema.org\",\"@graph\":[{\"@type\":\"WebPage\",\"@id\":\"https:\/\/lamiacinofilia360.it\/\",\"url\":\"https:\/\/lamiacinofilia360.it\/\",\"name\":\"Home page - La mia Cinofilia 360\",\"isPartOf\":{\"@id\":\"https:\/\/lamiacinofilia360.it\/it\/#website\"},\"primaryImageOfPage\":{\"@id\":\"https:\/\/lamiacinofilia360.it\/#primaryimage\"},\"image\":{\"@id\":\"https:\/\/lamiacinofilia360.it\/#primaryimage\"},\"thumbnailUrl\":\"https:\/\/lamiacinofilia360.it\/wp-content\/uploads\/2013\/12\/header-300x62.png\",\"datePublished\":\"2013-08-24T13:22:08+00:00\",\"dateModified\":\"2025-06-12T17:52:14+00:00\",\"breadcrumb\":{\"@id\":\"https:\/\/lamiacinofilia360.it\/#breadcrumb\"},\"inLanguage\":\"it-IT\",\"potentialAction\":[{\"@type\":\"ReadAction\",\"target\":[\"https:\/\/lamiacinofilia360.it\/\"]}]},{\"@type\":\"ImageObject\",\"inLanguage\":\"it-IT\",\"@id\":\"https:\/\/lamiacinofilia360.it\/#primaryimage\",\"url\":\"https:\/\/lamiacinofilia360.it\/wp-content\/uploads\/2013\/12\/header-300x62.png\",\"contentUrl\":\"https:\/\/lamiacinofilia360.it\/wp-content\/uploads\/2013\/12\/header-300x62.png\"},{\"@type\":\"BreadcrumbList\",\"@id\":\"https:\/\/lamiacinofilia360.it\/#breadcrumb\",\"itemListElement\":[{\"@type\":\"ListItem\",\"position\":1,\"name\":\"Home\",\"item\":\"https:\/\/lamiacinofilia360.it\/\"},{\"@type\":\"ListItem\",\"position\":2,\"name\":\"Home page\"}]},{\"@type\":\"WebSite\",\"@id\":\"https:\/\/lamiacinofilia360.it\/it\/#website\",\"url\":\"https:\/\/lamiacinofilia360.it\/it\/\",\"name\":\"La mia Cinofilia 360\",\"description\":\"Solo un altro sito WordPress\",\"potentialAction\":[{\"@type\":\"SearchAction\",\"target\":{\"@type\":\"EntryPoint\",\"urlTemplate\":\"https:\/\/lamiacinofilia360.it\/it\/?s={search_term_string}\"},\"query-input\":{\"@type\":\"PropertyValueSpecification\",\"valueRequired\":true,\"valueName\":\"search_term_string\"}}],\"inLanguage\":\"it-IT\"}]}<\/script>\n<!-- \/ Yoast SEO plugin. -->","yoast_head_json":{"title":"Home page - La mia Cinofilia 360","robots":{"index":"index","follow":"follow","max-snippet":"max-snippet:-1","max-image-preview":"max-image-preview:large","max-video-preview":"max-video-preview:-1"},"canonical":"https:\/\/lamiacinofilia360.it\/","og_locale":"it_IT","og_type":"article","og_title":"Home page - La mia Cinofilia 360","og_description":"\u00a0 &nbsp; \u00a0\u00a0I Titoli nell&#8217;Home Page sono in Italiano e Inglese (Clicca su Bandierina) o in alcuni casi in Doppia Lingua (IT-EN)\u00a0 A SINISTRA \u00a0&#8230; POSIZIONANDO IL MOUSE SULLA FRECCIA, SI APRIRA&#8217; UNA \u00a0FINESTRA CON INDICATO \u00a0I SINGOLI EVENTI &nbsp; \u00a0Cliccando sui Titoli di\u00a0destra e\u00a0sinistra del Menu da\u00a0me elencati nella HOME PAGE, si apriranno numerosi [&hellip;]","og_url":"https:\/\/lamiacinofilia360.it\/","og_site_name":"La mia Cinofilia 360","article_modified_time":"2025-06-12T17:52:14+00:00","og_image":[{"width":950,"height":198,"url":"https:\/\/lamiacinofilia360.it\/wp-content\/uploads\/2013\/12\/header.png","type":"image\/png"}],"twitter_misc":{"Tempo di lettura stimato":"2 minuti"},"schema":{"@context":"https:\/\/schema.org","@graph":[{"@type":"WebPage","@id":"https:\/\/lamiacinofilia360.it\/","url":"https:\/\/lamiacinofilia360.it\/","name":"Home page - La mia Cinofilia 360","isPartOf":{"@id":"https:\/\/lamiacinofilia360.it\/it\/#website"},"primaryImageOfPage":{"@id":"https:\/\/lamiacinofilia360.it\/#primaryimage"},"image":{"@id":"https:\/\/lamiacinofilia360.it\/#primaryimage"},"thumbnailUrl":"https:\/\/lamiacinofilia360.it\/wp-content\/uploads\/2013\/12\/header-300x62.png","datePublished":"2013-08-24T13:22:08+00:00","dateModified":"2025-06-12T17:52:14+00:00","breadcrumb":{"@id":"https:\/\/lamiacinofilia360.it\/#breadcrumb"},"inLanguage":"it-IT","potentialAction":[{"@type":"ReadAction","target":["https:\/\/lamiacinofilia360.it\/"]}]},{"@type":"ImageObject","inLanguage":"it-IT","@id":"https:\/\/lamiacinofilia360.it\/#primaryimage","url":"https:\/\/lamiacinofilia360.it\/wp-content\/uploads\/2013\/12\/header-300x62.png","contentUrl":"https:\/\/lamiacinofilia360.it\/wp-content\/uploads\/2013\/12\/header-300x62.png"},{"@type":"BreadcrumbList","@id":"https:\/\/lamiacinofilia360.it\/#breadcrumb","itemListElement":[{"@type":"ListItem","position":1,"name":"Home","item":"https:\/\/lamiacinofilia360.it\/"},{"@type":"ListItem","position":2,"name":"Home page"}]},{"@type":"WebSite","@id":"https:\/\/lamiacinofilia360.it\/it\/#website","url":"https:\/\/lamiacinofilia360.it\/it\/","name":"La mia Cinofilia 360","description":"Solo un altro sito WordPress","potentialAction":[{"@type":"SearchAction","target":{"@type":"EntryPoint","urlTemplate":"https:\/\/lamiacinofilia360.it\/it\/?s={search_term_string}"},"query-input":{"@type":"PropertyValueSpecification","valueRequired":true,"valueName":"search_term_string"}}],"inLanguage":"it-IT"}]}},"_links":{"self":[{"href":"https:\/\/lamiacinofilia360.it\/it\/wp-json\/wp\/v2\/pages\/71","targetHints":{"allow":["GET"]}}],"collection":[{"href":"https:\/\/lamiacinofilia360.it\/it\/wp-json\/wp\/v2\/pages"}],"about":[{"href":"https:\/\/lamiacinofilia360.it\/it\/wp-json\/wp\/v2\/types\/page"}],"author":[{"embeddable":true,"href":"https:\/\/lamiacinofilia360.it\/it\/wp-json\/wp\/v2\/users\/4"}],"replies":[{"embeddable":true,"href":"https:\/\/lamiacinofilia360.it\/it\/wp-json\/wp\/v2\/comments?post=71"}],"version-history":[{"count":174,"href":"https:\/\/lamiacinofilia360.it\/it\/wp-json\/wp\/v2\/pages\/71\/revisions"}],"predecessor-version":[{"id":46606,"href":"https:\/\/lamiacinofilia360.it\/it\/wp-json\/wp\/v2\/pages\/71\/revisions\/46606"}],"wp:attachment":[{"href":"https:\/\/lamiacinofilia360.it\/it\/wp-json\/wp\/v2\/media?parent=71"}],"curies":[{"name":"wp","href":"https:\/\/api.w.org\/{rel}","templated":true}]}}