{"id":41353,"date":"2017-07-09T15:53:58","date_gmt":"2017-07-09T13:53:58","guid":{"rendered":"https:\/\/lamiacinofilia360.it\/?page_id=41353"},"modified":"2023-08-27T12:12:04","modified_gmt":"2023-08-27T10:12:04","slug":"trials-for-huntings-dogs-wild-boar-for-packs-couples-and-individual-enclosure-n-2-events","status":"publish","type":"page","link":"https:\/\/lamiacinofilia360.it\/en\/trials-for-huntings-dogs-wild-boar-for-packs-couples-and-individual-enclosure-n-2-events\/","title":{"rendered":"<wbr>T<wbr>R<wbr>I<wbr>A<wbr>L<wbr>S for <wbr>Huntings <wbr>Dogs  on <wbr>Wild <wbr>Boar for <wbr>Packs, <wbr>Couples and <wbr>Individuals  <wbr>Enclosure (<wbr>N\u00b0 2 <wbr>Events)"},"content":{"rendered":"<blockquote><p>\u00a0<a href=\"https:\/\/lamiacinofilia360.it\/wp-content\/uploads\/2013\/12\/header.png\"><img loading=\"lazy\" decoding=\"async\" class=\"aligncenter size-medium wp-image-8204\" src=\"https:\/\/lamiacinofilia360.it\/wp-content\/uploads\/2013\/12\/header-300x62.png\" alt=\"header.png\" width=\"300\" height=\"62\" srcset=\"https:\/\/lamiacinofilia360.it\/wp-content\/uploads\/2013\/12\/header-300x62.png 300w, https:\/\/lamiacinofilia360.it\/wp-content\/uploads\/2013\/12\/header.png 950w\" sizes=\"auto, (max-width: 300px) 100vw, 300px\" \/><\/a><\/p><\/blockquote>\n<h2 style=\"text-align: center;\"><a href=\"https:\/\/lamiacinofilia360.it\/wp-content\/uploads\/2013\/12\/header.png\"><br \/>\n<\/a><span style=\"color: #008000;\">\u00a0**************************************************************<\/span><\/h2>\n<blockquote>\n<h1 style=\"text-align: center;\"><span style=\"color: #ff0000;\">(***)<\/span> &#8211; Self-Made Poster \u00a0with some my Photos<\/h1>\n<h2 style=\"text-align: center;\">&#8230;&#8230;<\/h2>\n<p>&nbsp;<\/p>\n<p>&nbsp;<\/p>\n<h2 style=\"text-align: center;\"><span style=\"color: #ff0000;\">(***)<\/span><a href=\"https:\/\/lamiacinofilia360.it\/wp-content\/uploads\/2016\/01\/P1170947.jpg\"><img loading=\"lazy\" decoding=\"async\" class=\"aligncenter size-full wp-image-37666\" src=\"https:\/\/lamiacinofilia360.it\/wp-content\/uploads\/2016\/01\/P1170947.jpg\" alt=\"p1170947\" width=\"640\" height=\"360\" srcset=\"https:\/\/lamiacinofilia360.it\/wp-content\/uploads\/2016\/01\/P1170947.jpg 640w, https:\/\/lamiacinofilia360.it\/wp-content\/uploads\/2016\/01\/P1170947-300x169.jpg 300w\" sizes=\"auto, (max-width: 640px) 100vw, 640px\" \/><\/a><\/h2>\n<h1 style=\"text-align: center;\"><strong><span style=\"color: #800000;\">TRIALS for HUNTING DOGS on WILD BOAR <\/span><\/strong><\/h1>\n<h1 style=\"text-align: center;\"><strong><span style=\"color: #800000;\">for COUPLES and INDIVIDUALS<\/span><\/strong><\/h1>\n<h1 style=\"text-align: center;\"><strong><span style=\"color: #800000;\">25\/03\/2012 &#8212; Palanzano &#8211; PR \u00a0&#8211; ITALY<\/span><\/strong><\/h1>\n<h5 style=\"text-align: center;\">\u00a0.<\/h5>\n<p style=\"text-align: center;\">.<\/p>\n<p>&nbsp;<\/p>\n<p>.<\/p>\n<p>&nbsp;<\/p>\n<h2 style=\"text-align: center;\"><span style=\"color: #ff0000;\">N\u00b0 \u00a09 \u00a0MY ORIGINAL PHOTOS, CLICK LINK BELOW<\/span><\/h2>\n<h3 style=\"text-align: center;\"><a href=\"https:\/\/www.facebook.com\/media\/set\/?set=a.2060358840846440&amp;type=3\">https:\/\/www.facebook.com\/media\/set\/?set=a.2060358840846440&amp;type=3\u00a0<\/a><\/h3>\n<p>&nbsp;<\/p>\n<p style=\"text-align: center;\">\u00a0.<\/p>\n<p style=\"text-align: center;\">\u00a0.<\/p>\n<\/blockquote>\n<h2 style=\"text-align: center;\"><span style=\"color: #008000;\">**********************************************************\u00a0<\/span><\/h2>\n<p>&nbsp;<\/p>\n<p style=\"text-align: center;\">.<\/p>\n<blockquote>\n<h2 style=\"text-align: center;\"><span style=\"color: #ff0000;\">(***)<\/span><\/h2>\n<h3 style=\"text-align: center;\"><a href=\"https:\/\/lamiacinofilia360.it\/wp-content\/uploads\/2014\/11\/P1160668.jpg\"><img loading=\"lazy\" decoding=\"async\" class=\"aligncenter size-full wp-image-35601\" src=\"https:\/\/lamiacinofilia360.it\/wp-content\/uploads\/2014\/11\/P1160668.jpg\" alt=\"P1160668\" width=\"640\" height=\"424\" srcset=\"https:\/\/lamiacinofilia360.it\/wp-content\/uploads\/2014\/11\/P1160668.jpg 640w, https:\/\/lamiacinofilia360.it\/wp-content\/uploads\/2014\/11\/P1160668-300x199.jpg 300w\" sizes=\"auto, (max-width: 640px) 100vw, 640px\" \/><\/a><\/h3>\n<h1 style=\"text-align: center;\"><span style=\"color: #800000;\">TRIALS for HUNTING DOGS on WILD BOAR for PACKS\u00a0<\/span><\/h1>\n<h1 style=\"text-align: center;\"><span style=\"color: #800000;\">31\/03\/2011 &#8212; Montefiascone \u00a0&#8211; Lajatico -(PI) -ITALY<\/span><\/h1>\n<h1><\/h1>\n<p style=\"text-align: center;\">.<\/p>\n<p style=\"text-align: center;\">.<\/p>\n<p>&nbsp;<\/p>\n<p>&nbsp;<\/p>\n<h1 style=\"text-align: center;\"><strong><span style=\"color: #000000;\">Club Italiano Bleu de Gascogne\u00a0<\/span><\/strong><\/h1>\n<h2 style=\"text-align: center;\"><a href=\"https:\/\/www.clubbleudegascogne.it\">https:\/<wbr>\/<wbr>www.clubbleudegascogne.it<\/a><\/h2>\n<\/blockquote>\n<h5 style=\"text-align: center;\"><\/h5>\n<p style=\"text-align: center;\">.<\/p>\n<p>&nbsp;<\/p>\n<h2 style=\"text-align: center;\">\u00a0 BREEDS PROTECTED BY THE CLUB &#8230;<\/h2>\n<h2 style=\"text-align: center;\">Ari\u00e8geois, Grand Bleu de Gascogne, Petit Bleu de Gascogne, Basset Bleu de Gascogne, Petit Gascon Saintongeois, Grand Gascon Saintongeois, Segugio svizzero del Giura, Basset Fauve de Bretagne, Griffon Fauve de Bretagne, Porceleine, Grand Griffon Vend\u00e9en, Briquet Griffon Vend\u00e9en, Grand Basset Griffon Vend\u00e9en, Petit Basset Griffon Vend\u00e9en<\/h2>\n<p style=\"text-align: center;\">\u00a0..<\/p>\n<p>&nbsp;<\/p>\n<blockquote>\n<p style=\"text-align: center;\">.<\/p>\n<\/blockquote>\n<h2><\/h2>\n<blockquote>\n<h2>\u00a0 \u00a0 \u00a0 \u00a0 \u00a0 \u00a0 \u00a0 \u00a0 \u00a0 \u00a0 \u00a0 \u00a0 \u00a0 \u00a0 \u00a0 \u00a0 \u00a0 \u00a0 \u00a0 \u00a0 \u00a0 \u00a0AND MUCH MORE ON THE WEB AND IN REALITY<\/h2>\n<\/blockquote>\n<p>&nbsp;<\/p>\n<blockquote>\n<h2 style=\"text-align: center;\"><strong><span style=\"color: #008000;\">*************************************************************<\/span><\/strong><\/h2>\n<p>.<\/p>\n<p>&nbsp;<\/p>\n<h2 style=\"text-align: center;\"><span style=\"color: #ff0000;\">\u00a0<\/span><\/h2>\n<\/blockquote>\n","protected":false},"excerpt":{"rendered":"<p>\u00a0 \u00a0************************************************************** (***) &#8211; Self-Made Poster \u00a0with some my Photos &#8230;&#8230; &nbsp; &nbsp; (***) TRIALS for HUNTING DOGS on WILD BOAR for COUPLES and INDIVIDUALS 25\/03\/2012 &#8212; Palanzano &#8211; PR \u00a0&#8211; ITALY \u00a0. . &nbsp; . &nbsp; N\u00b0 \u00a09 \u00a0MY ORIGINAL PHOTOS, CLICK LINK BELOW https:\/\/www.facebook.com\/media\/set\/?set=a.2060358840846440&amp;type=3\u00a0 &nbsp; \u00a0. \u00a0. **********************************************************\u00a0 &nbsp; . (***) TRIALS for [&hellip;]<\/p>\n","protected":false},"author":3,"featured_media":0,"parent":0,"menu_order":0,"comment_status":"closed","ping_status":"closed","template":"","meta":{"footnotes":""},"class_list":["post-41353","page","type-page","status-publish","hentry"],"yoast_head":"<!-- This site is optimized with the Yoast SEO plugin v24.0 - https:\/\/yoast.com\/wordpress\/plugins\/seo\/ -->\n<title>TRIALS for Huntings Dogs on Wild Boar for Packs, Couples and Individuals Enclosure (N\u00b0 2 Events) - La mia Cinofilia 360<\/title>\n<meta name=\"robots\" content=\"index, follow, max-snippet:-1, max-image-preview:large, max-video-preview:-1\" \/>\n<link rel=\"canonical\" href=\"https:\/\/lamiacinofilia360.it\/en\/trials-for-huntings-dogs-wild-boar-for-packs-couples-and-individual-enclosure-n-2-events\/\" \/>\n<meta property=\"og:locale\" content=\"en_GB\" \/>\n<meta property=\"og:type\" content=\"article\" \/>\n<meta property=\"og:title\" content=\"TRIALS for Huntings Dogs on Wild Boar for Packs, Couples and Individuals Enclosure (N\u00b0 2 Events) - La mia Cinofilia 360\" \/>\n<meta property=\"og:description\" content=\"\u00a0 \u00a0************************************************************** (***) &#8211; Self-Made Poster \u00a0with some my Photos &#8230;&#8230; &nbsp; &nbsp; (***) TRIALS for HUNTING DOGS on WILD BOAR for COUPLES and INDIVIDUALS 25\/03\/2012 &#8212; Palanzano &#8211; PR \u00a0&#8211; ITALY \u00a0. . &nbsp; . &nbsp; N\u00b0 \u00a09 \u00a0MY ORIGINAL PHOTOS, CLICK LINK BELOW https:\/\/www.facebook.com\/media\/set\/?set=a.2060358840846440&amp;type=3\u00a0 &nbsp; \u00a0. \u00a0. **********************************************************\u00a0 &nbsp; . (***) TRIALS for [&hellip;]\" \/>\n<meta property=\"og:url\" content=\"https:\/\/lamiacinofilia360.it\/en\/trials-for-huntings-dogs-wild-boar-for-packs-couples-and-individual-enclosure-n-2-events\/\" \/>\n<meta property=\"og:site_name\" content=\"La mia Cinofilia 360\" \/>\n<meta property=\"article:modified_time\" content=\"2023-08-27T10:12:04+00:00\" \/>\n<meta property=\"og:image\" content=\"https:\/\/lamiacinofilia360.it\/wp-content\/uploads\/2013\/12\/header-300x62.png\" \/>\n<meta name=\"twitter:label1\" content=\"Est. reading time\" \/>\n\t<meta name=\"twitter:data1\" content=\"1 minute\" \/>\n<script type=\"application\/ld+json\" class=\"yoast-schema-graph\">{\"@context\":\"https:\/\/schema.org\",\"@graph\":[{\"@type\":\"WebPage\",\"@id\":\"https:\/\/lamiacinofilia360.it\/en\/trials-for-huntings-dogs-wild-boar-for-packs-couples-and-individual-enclosure-n-2-events\/\",\"url\":\"https:\/\/lamiacinofilia360.it\/en\/trials-for-huntings-dogs-wild-boar-for-packs-couples-and-individual-enclosure-n-2-events\/\",\"name\":\"TRIALS for Huntings Dogs on Wild Boar for Packs, Couples and Individuals Enclosure (N\u00b0 2 Events) - La mia Cinofilia 360\",\"isPartOf\":{\"@id\":\"https:\/\/lamiacinofilia360.it\/it\/#website\"},\"primaryImageOfPage\":{\"@id\":\"https:\/\/lamiacinofilia360.it\/en\/trials-for-huntings-dogs-wild-boar-for-packs-couples-and-individual-enclosure-n-2-events\/#primaryimage\"},\"image\":{\"@id\":\"https:\/\/lamiacinofilia360.it\/en\/trials-for-huntings-dogs-wild-boar-for-packs-couples-and-individual-enclosure-n-2-events\/#primaryimage\"},\"thumbnailUrl\":\"https:\/\/lamiacinofilia360.it\/wp-content\/uploads\/2013\/12\/header-300x62.png\",\"datePublished\":\"2017-07-09T13:53:58+00:00\",\"dateModified\":\"2023-08-27T10:12:04+00:00\",\"breadcrumb\":{\"@id\":\"https:\/\/lamiacinofilia360.it\/en\/trials-for-huntings-dogs-wild-boar-for-packs-couples-and-individual-enclosure-n-2-events\/#breadcrumb\"},\"inLanguage\":\"en-GB\",\"potentialAction\":[{\"@type\":\"ReadAction\",\"target\":[\"https:\/\/lamiacinofilia360.it\/en\/trials-for-huntings-dogs-wild-boar-for-packs-couples-and-individual-enclosure-n-2-events\/\"]}]},{\"@type\":\"ImageObject\",\"inLanguage\":\"en-GB\",\"@id\":\"https:\/\/lamiacinofilia360.it\/en\/trials-for-huntings-dogs-wild-boar-for-packs-couples-and-individual-enclosure-n-2-events\/#primaryimage\",\"url\":\"https:\/\/lamiacinofilia360.it\/wp-content\/uploads\/2013\/12\/header-300x62.png\",\"contentUrl\":\"https:\/\/lamiacinofilia360.it\/wp-content\/uploads\/2013\/12\/header-300x62.png\"},{\"@type\":\"BreadcrumbList\",\"@id\":\"https:\/\/lamiacinofilia360.it\/en\/trials-for-huntings-dogs-wild-boar-for-packs-couples-and-individual-enclosure-n-2-events\/#breadcrumb\",\"itemListElement\":[{\"@type\":\"ListItem\",\"position\":1,\"name\":\"Home\",\"item\":\"https:\/\/lamiacinofilia360.it\/\"},{\"@type\":\"ListItem\",\"position\":2,\"name\":\"TRIALS for Huntings Dogs on Wild Boar for Packs, Couples and Individuals Enclosure (N\u00b0 2 Events)\"}]},{\"@type\":\"WebSite\",\"@id\":\"https:\/\/lamiacinofilia360.it\/it\/#website\",\"url\":\"https:\/\/lamiacinofilia360.it\/it\/\",\"name\":\"La mia Cinofilia 360\",\"description\":\"Solo un altro sito WordPress\",\"potentialAction\":[{\"@type\":\"SearchAction\",\"target\":{\"@type\":\"EntryPoint\",\"urlTemplate\":\"https:\/\/lamiacinofilia360.it\/it\/?s={search_term_string}\"},\"query-input\":{\"@type\":\"PropertyValueSpecification\",\"valueRequired\":true,\"valueName\":\"search_term_string\"}}],\"inLanguage\":\"en-GB\"}]}<\/script>\n<!-- \/ Yoast SEO plugin. -->","yoast_head_json":{"title":"TRIALS for Huntings Dogs on Wild Boar for Packs, Couples and Individuals Enclosure (N\u00b0 2 Events) - La mia Cinofilia 360","robots":{"index":"index","follow":"follow","max-snippet":"max-snippet:-1","max-image-preview":"max-image-preview:large","max-video-preview":"max-video-preview:-1"},"canonical":"https:\/\/lamiacinofilia360.it\/en\/trials-for-huntings-dogs-wild-boar-for-packs-couples-and-individual-enclosure-n-2-events\/","og_locale":"en_GB","og_type":"article","og_title":"TRIALS for Huntings Dogs on Wild Boar for Packs, Couples and Individuals Enclosure (N\u00b0 2 Events) - La mia Cinofilia 360","og_description":"\u00a0 \u00a0************************************************************** (***) &#8211; Self-Made Poster \u00a0with some my Photos &#8230;&#8230; &nbsp; &nbsp; (***) TRIALS for HUNTING DOGS on WILD BOAR for COUPLES and INDIVIDUALS 25\/03\/2012 &#8212; Palanzano &#8211; PR \u00a0&#8211; ITALY \u00a0. . &nbsp; . &nbsp; N\u00b0 \u00a09 \u00a0MY ORIGINAL PHOTOS, CLICK LINK BELOW https:\/\/www.facebook.com\/media\/set\/?set=a.2060358840846440&amp;type=3\u00a0 &nbsp; \u00a0. \u00a0. **********************************************************\u00a0 &nbsp; . (***) TRIALS for [&hellip;]","og_url":"https:\/\/lamiacinofilia360.it\/en\/trials-for-huntings-dogs-wild-boar-for-packs-couples-and-individual-enclosure-n-2-events\/","og_site_name":"La mia Cinofilia 360","article_modified_time":"2023-08-27T10:12:04+00:00","og_image":[{"url":"https:\/\/lamiacinofilia360.it\/wp-content\/uploads\/2013\/12\/header-300x62.png","type":"","width":"","height":""}],"twitter_misc":{"Est. reading time":"1 minute"},"schema":{"@context":"https:\/\/schema.org","@graph":[{"@type":"WebPage","@id":"https:\/\/lamiacinofilia360.it\/en\/trials-for-huntings-dogs-wild-boar-for-packs-couples-and-individual-enclosure-n-2-events\/","url":"https:\/\/lamiacinofilia360.it\/en\/trials-for-huntings-dogs-wild-boar-for-packs-couples-and-individual-enclosure-n-2-events\/","name":"TRIALS for Huntings Dogs on Wild Boar for Packs, Couples and Individuals Enclosure (N\u00b0 2 Events) - La mia Cinofilia 360","isPartOf":{"@id":"https:\/\/lamiacinofilia360.it\/it\/#website"},"primaryImageOfPage":{"@id":"https:\/\/lamiacinofilia360.it\/en\/trials-for-huntings-dogs-wild-boar-for-packs-couples-and-individual-enclosure-n-2-events\/#primaryimage"},"image":{"@id":"https:\/\/lamiacinofilia360.it\/en\/trials-for-huntings-dogs-wild-boar-for-packs-couples-and-individual-enclosure-n-2-events\/#primaryimage"},"thumbnailUrl":"https:\/\/lamiacinofilia360.it\/wp-content\/uploads\/2013\/12\/header-300x62.png","datePublished":"2017-07-09T13:53:58+00:00","dateModified":"2023-08-27T10:12:04+00:00","breadcrumb":{"@id":"https:\/\/lamiacinofilia360.it\/en\/trials-for-huntings-dogs-wild-boar-for-packs-couples-and-individual-enclosure-n-2-events\/#breadcrumb"},"inLanguage":"en-GB","potentialAction":[{"@type":"ReadAction","target":["https:\/\/lamiacinofilia360.it\/en\/trials-for-huntings-dogs-wild-boar-for-packs-couples-and-individual-enclosure-n-2-events\/"]}]},{"@type":"ImageObject","inLanguage":"en-GB","@id":"https:\/\/lamiacinofilia360.it\/en\/trials-for-huntings-dogs-wild-boar-for-packs-couples-and-individual-enclosure-n-2-events\/#primaryimage","url":"https:\/\/lamiacinofilia360.it\/wp-content\/uploads\/2013\/12\/header-300x62.png","contentUrl":"https:\/\/lamiacinofilia360.it\/wp-content\/uploads\/2013\/12\/header-300x62.png"},{"@type":"BreadcrumbList","@id":"https:\/\/lamiacinofilia360.it\/en\/trials-for-huntings-dogs-wild-boar-for-packs-couples-and-individual-enclosure-n-2-events\/#breadcrumb","itemListElement":[{"@type":"ListItem","position":1,"name":"Home","item":"https:\/\/lamiacinofilia360.it\/"},{"@type":"ListItem","position":2,"name":"TRIALS for Huntings Dogs on Wild Boar for Packs, Couples and Individuals Enclosure (N\u00b0 2 Events)"}]},{"@type":"WebSite","@id":"https:\/\/lamiacinofilia360.it\/it\/#website","url":"https:\/\/lamiacinofilia360.it\/it\/","name":"La mia Cinofilia 360","description":"Solo un altro sito WordPress","potentialAction":[{"@type":"SearchAction","target":{"@type":"EntryPoint","urlTemplate":"https:\/\/lamiacinofilia360.it\/it\/?s={search_term_string}"},"query-input":{"@type":"PropertyValueSpecification","valueRequired":true,"valueName":"search_term_string"}}],"inLanguage":"en-GB"}]}},"_links":{"self":[{"href":"https:\/\/lamiacinofilia360.it\/en\/wp-json\/wp\/v2\/pages\/41353","targetHints":{"allow":["GET"]}}],"collection":[{"href":"https:\/\/lamiacinofilia360.it\/en\/wp-json\/wp\/v2\/pages"}],"about":[{"href":"https:\/\/lamiacinofilia360.it\/en\/wp-json\/wp\/v2\/types\/page"}],"author":[{"embeddable":true,"href":"https:\/\/lamiacinofilia360.it\/en\/wp-json\/wp\/v2\/users\/3"}],"replies":[{"embeddable":true,"href":"https:\/\/lamiacinofilia360.it\/en\/wp-json\/wp\/v2\/comments?post=41353"}],"version-history":[{"count":10,"href":"https:\/\/lamiacinofilia360.it\/en\/wp-json\/wp\/v2\/pages\/41353\/revisions"}],"predecessor-version":[{"id":46160,"href":"https:\/\/lamiacinofilia360.it\/en\/wp-json\/wp\/v2\/pages\/41353\/revisions\/46160"}],"wp:attachment":[{"href":"https:\/\/lamiacinofilia360.it\/en\/wp-json\/wp\/v2\/media?parent=41353"}],"curies":[{"name":"wp","href":"https:\/\/api.w.org\/{rel}","templated":true}]}}