{"id":39207,"date":"2017-02-01T17:09:15","date_gmt":"2017-02-01T16:09:15","guid":{"rendered":"https:\/\/lamiacinofilia360.it\/?page_id=39207"},"modified":"2023-08-14T11:44:53","modified_gmt":"2023-08-14T09:44:53","slug":"visita-al-museo-al-canile-visit-at-museum-and-kennel-of-the-foundation-barry-27062011-great-st-bernard-pass-mt-2473","status":"publish","type":"page","link":"https:\/\/lamiacinofilia360.it\/it\/visita-al-museo-al-canile-visit-at-museum-and-kennel-of-the-foundation-barry-27062011-great-st-bernard-pass-mt-2473\/","title":{"rendered":"&#8230;. <wbr>V<wbr>I<wbr>S<wbr>I<wbr>T<wbr>A al <wbr>Museo e al <wbr>Canile \/ <wbr>V<wbr>I<wbr>S<wbr>I<wbr>T at <wbr>Museum and <wbr>Kennel of  &#8220;<wbr>The <wbr>Foundation <wbr>Barry &#8212; 27\/06\/2011 &#8212; <wbr>Great <wbr>St <wbr>Bernard <wbr>Pass (mt 2473)  &#8230; &#038; &#8230; <wbr>Visita al <wbr>Museo <wbr>Storia <wbr>Naturale di <wbr>Berna \/ <wbr>Visit <wbr>Naturhistoriches <wbr>Museum <wbr>Bern"},"content":{"rendered":"<blockquote><p><a href=\"https:\/\/lamiacinofilia360.it\/wp-content\/uploads\/2013\/12\/header.png\"><img loading=\"lazy\" decoding=\"async\" class=\"aligncenter size-medium wp-image-8204\" src=\"https:\/\/lamiacinofilia360.it\/wp-content\/uploads\/2013\/12\/header-300x62.png\" alt=\"\" width=\"300\" height=\"62\" srcset=\"https:\/\/lamiacinofilia360.it\/wp-content\/uploads\/2013\/12\/header-300x62.png 300w, https:\/\/lamiacinofilia360.it\/wp-content\/uploads\/2013\/12\/header.png 950w\" sizes=\"auto, (max-width: 300px) 100vw, 300px\" \/><\/a><\/p><\/blockquote>\n<p style=\"text-align: center;\">.<\/p>\n<p>&nbsp;<\/p>\n<h2 style=\"text-align: center;\"><a href=\"https:\/\/lamiacinofilia360.it\/wp-content\/uploads\/2017\/08\/P1190745.jpg\"><span style=\"color: #800000;\">LOCANDINA \u00a0EVENTO AUTOCOSTRUITA CON ALCUNE MIE FOTO<\/span><\/a><\/h2>\n<h2 style=\"text-align: center;\">(SELF-MADE \u00a0EVENT POSTER WITH SOME MY PHOTOS)<\/h2>\n<h2 style=\"text-align: center;\"><strong><span style=\"color: #000000;\"><a href=\"https:\/\/lamiacinofilia360.it\/wp-content\/uploads\/2017\/08\/P1190745.jpg\"><img loading=\"lazy\" decoding=\"async\" class=\"aligncenter size-full wp-image-41799\" src=\"https:\/\/lamiacinofilia360.it\/wp-content\/uploads\/2017\/08\/P1190745.jpg\" alt=\"\" width=\"480\" height=\"480\" srcset=\"https:\/\/lamiacinofilia360.it\/wp-content\/uploads\/2017\/08\/P1190745.jpg 480w, https:\/\/lamiacinofilia360.it\/wp-content\/uploads\/2017\/08\/P1190745-150x150.jpg 150w, https:\/\/lamiacinofilia360.it\/wp-content\/uploads\/2017\/08\/P1190745-300x300.jpg 300w\" sizes=\"auto, (max-width: 480px) 100vw, 480px\" \/><\/a><\/span><\/strong><\/h2>\n<h2 style=\"text-align: center;\"><span style=\"color: #0000ff;\">PER VEDERE \u00a0 10 \u00a0MIE \u00a0FOTO IN ORIGINALE, CLUCCA \u00a0 SOTTO\u00a0<\/span><\/h2>\n<h2 style=\"text-align: center;\"><span style=\"color: #0000ff;\">\u00a0TO SEE \u00a0MY 10 ORIGINAL PHOTOS, CLICK BELOW \u00a0<\/span><\/h2>\n<h2 style=\"text-align: center;\"><a href=\"https:\/\/www.facebook.com\/media\/set\/?set=a.2066431603572497&amp;type=3\">https:\/<wbr>\/<wbr>www.facebook.com\/<wbr>media\/<wbr>set\/<wbr>?set=a.2066431603572497&amp;type=3<\/a><\/h2>\n<p>&nbsp;<\/p>\n<p>&nbsp;<\/p>\n<h2><\/h2>\n<h2><\/h2>\n<h2 style=\"text-align: center;\"><strong><span style=\"color: #000000;\"><a style=\"color: #000000;\" href=\"https:\/\/en.wikipedia.org\/wiki\/Barry_(dog)\">https:\/<wbr>\/<wbr>en.wikipedia.org\/<wbr>wiki\/<wbr>Barry_(dog)<\/a><\/span><\/strong><\/h2>\n<p style=\"text-align: center;\"><span style=\"color: #000000;\"><b>\u00a0<\/b><\/span><\/p>\n<p>&nbsp;<\/p>\n<h2 style=\"text-align: center;\"><\/h2>\n<h2 style=\"text-align: center;\"><strong><span style=\"color: #000000;\">(Tutti &#8211; Video &#8211; Immagini)<\/span><\/strong><\/h2>\n<h5 style=\"text-align: center;\"><strong><span style=\"color: #000000;\"><a style=\"color: #000000;\" href=\"https:\/\/www.google.it\/search?q=BARRY.+ST+BERNARD&amp;biw=1600&amp;bih=711&amp;source=lnms&amp;sa=X&amp;ved=0ahUKEwiCqOrHqO_RAhVE1hQKHXiIDPUQ_AUIBygA&amp;dpr=2\">https:\/<wbr>\/<wbr>www.google.it\/<wbr>search?q=BARRY.+ST+BERNARD&amp;biw=1600&amp;bih=711&amp;source=<\/a><\/span><\/strong><\/h5>\n<h5 style=\"text-align: center;\"><strong><span style=\"color: #000000;\"><a style=\"color: #000000;\" href=\"https:\/\/www.google.it\/search?q=BARRY.+ST+BERNARD&amp;biw=1600&amp;bih=711&amp;source=lnms&amp;sa=X&amp;ved=0ahUKEwiCqOrHqO_RAhVE1hQKHXiIDPUQ_AUIBygA&amp;dpr=2\">lnms&amp;sa=X&amp;ved=0ahUKEwiCqOrHqO_RAhVE1hQKHXiIDPUQ_AUIBygA&amp;dpr=2<\/a>\u00a0<\/span><\/strong><\/h5>\n<p style=\"text-align: center;\"><strong><span style=\"color: #000000;\">\u00a0. \u00a0\u00a0<\/span><\/strong><\/p>\n<p style=\"text-align: center;\">.<\/p>\n<p>&nbsp;<\/p>\n<h2 style=\"text-align: center;\"><strong><span style=\"color: #000000;\">PERCHE&#8217; BARRY HA LA TESTA GRANDE?\u00a0<\/span><\/strong><\/h2>\n<h4 style=\"text-align: center;\"><a href=\"https:\/\/www.swissinfo.ch\/ita\/pi\u00f9-grande-\u00e8--meglio-\u00e8_la-stirpe-dei-san-bernardo--perch\u00e9-barry-ha-la-testa-grande\/40497058\">https:\/\/www.swissinfo.ch\/ita\/pi\u00f9-grande-\u00e8&#8211;meglio-\u00e8_la-stirpe <\/a><\/h4>\n<h4 style=\"text-align: center;\"><a href=\"https:\/\/www.swissinfo.ch\/ita\/pi\u00f9-grande-\u00e8--meglio-\u00e8_la-stirpe-dei-san-bernardo--perch\u00e9-barry-ha-la-testa-grande\/40497058\">-dei-san-bernardo&#8211;perch\u00e9-barry-ha-la-testa-grande\/40497058. <\/a><\/h4>\n<p style=\"text-align: center;\">..<\/p>\n<p>&nbsp;<\/p>\n<h2 style=\"text-align: center;\">E TANTO ALTRO \u00a0NEL WEB \u00a0&#8230;. AND MUCH MORE IN THE WEB &#8230;<\/h2>\n<h5 style=\"text-align: center;\"><\/h5>\n<p style=\"text-align: center;\">.<\/p>\n<p style=\"text-align: center;\">.<\/p>\n<h3 style=\"text-align: center;\"><\/h3>\n<p style=\"text-align: center;\">\u00a0 &#8211;<\/p>\n<h2 style=\"text-align: center;\"><\/h2>\n<p style=\"text-align: center;\"><strong><span style=\"color: #000000;\">.<\/span><\/strong><\/p>\n","protected":false},"excerpt":{"rendered":"<p>. &nbsp; LOCANDINA \u00a0EVENTO AUTOCOSTRUITA CON ALCUNE MIE FOTO (SELF-MADE \u00a0EVENT POSTER WITH SOME MY PHOTOS) PER VEDERE \u00a0 10 \u00a0MIE \u00a0FOTO IN ORIGINALE, CLUCCA \u00a0 SOTTO\u00a0 \u00a0TO SEE \u00a0MY 10 ORIGINAL PHOTOS, CLICK BELOW \u00a0 https:\/\/www.facebook.com\/media\/set\/?set=a.2066431603572497&amp;type=3 &nbsp; &nbsp; https:\/\/en.wikipedia.org\/wiki\/Barry_(dog) \u00a0 &nbsp; (Tutti &#8211; Video &#8211; Immagini) https:\/\/www.google.it\/search?q=BARRY.+ST+BERNARD&amp;biw=1600&amp;bih=711&amp;source= lnms&amp;sa=X&amp;ved=0ahUKEwiCqOrHqO_RAhVE1hQKHXiIDPUQ_AUIBygA&amp;dpr=2\u00a0 \u00a0. \u00a0\u00a0 . &nbsp; PERCHE&#8217; BARRY [&hellip;]<\/p>\n","protected":false},"author":3,"featured_media":0,"parent":0,"menu_order":0,"comment_status":"closed","ping_status":"closed","template":"","meta":{"footnotes":""},"class_list":["post-39207","page","type-page","status-publish","hentry"],"yoast_head":"<!-- This site is optimized with the Yoast SEO plugin v24.0 - https:\/\/yoast.com\/wordpress\/plugins\/seo\/ -->\n<title>.... VISITA al Museo e al Canile \/ VISIT at Museum and Kennel of &quot;The Foundation Barry - 27\/06\/2011 - Great St Bernard Pass (mt 2473) ... &amp; ... Visita al Museo Storia Naturale di Berna \/ Visit Naturhistoriches Museum Bern - La mia Cinofilia 360<\/title>\n<meta name=\"robots\" content=\"index, follow, max-snippet:-1, max-image-preview:large, max-video-preview:-1\" \/>\n<link rel=\"canonical\" href=\"https:\/\/lamiacinofilia360.it\/visita-al-museo-al-canile-visit-at-museum-and-kennel-of-the-foundation-barry-27062011-great-st-bernard-pass-mt-2473\/\" \/>\n<meta property=\"og:locale\" content=\"en_GB\" \/>\n<meta property=\"og:type\" content=\"article\" \/>\n<meta property=\"og:title\" content=\".... VISITA al Museo e al Canile \/ VISIT at Museum and Kennel of &quot;The Foundation Barry - 27\/06\/2011 - Great St Bernard Pass (mt 2473) ... &amp; ... Visita al Museo Storia Naturale di Berna \/ Visit Naturhistoriches Museum Bern - La mia Cinofilia 360\" \/>\n<meta property=\"og:description\" content=\". &nbsp; LOCANDINA \u00a0EVENTO AUTOCOSTRUITA CON ALCUNE MIE FOTO (SELF-MADE \u00a0EVENT POSTER WITH SOME MY PHOTOS) PER VEDERE \u00a0 10 \u00a0MIE \u00a0FOTO IN ORIGINALE, CLUCCA \u00a0 SOTTO\u00a0 \u00a0TO SEE \u00a0MY 10 ORIGINAL PHOTOS, CLICK BELOW \u00a0 https:\/\/www.facebook.com\/media\/set\/?set=a.2066431603572497&amp;type=3 &nbsp; &nbsp; https:\/\/en.wikipedia.org\/wiki\/Barry_(dog) \u00a0 &nbsp; (Tutti &#8211; Video &#8211; Immagini) https:\/\/www.google.it\/search?q=BARRY.+ST+BERNARD&amp;biw=1600&amp;bih=711&amp;source= lnms&amp;sa=X&amp;ved=0ahUKEwiCqOrHqO_RAhVE1hQKHXiIDPUQ_AUIBygA&amp;dpr=2\u00a0 \u00a0. \u00a0\u00a0 . &nbsp; PERCHE&#8217; BARRY [&hellip;]\" \/>\n<meta property=\"og:url\" content=\"https:\/\/lamiacinofilia360.it\/visita-al-museo-al-canile-visit-at-museum-and-kennel-of-the-foundation-barry-27062011-great-st-bernard-pass-mt-2473\/\" \/>\n<meta property=\"og:site_name\" content=\"La mia Cinofilia 360\" \/>\n<meta property=\"article:modified_time\" content=\"2023-08-14T09:44:53+00:00\" \/>\n<meta property=\"og:image\" content=\"https:\/\/lamiacinofilia360.it\/wp-content\/uploads\/2013\/12\/header-300x62.png\" \/>\n<meta name=\"twitter:label1\" content=\"Est. reading time\" \/>\n\t<meta name=\"twitter:data1\" content=\"1 minute\" \/>\n<script type=\"application\/ld+json\" class=\"yoast-schema-graph\">{\"@context\":\"https:\/\/schema.org\",\"@graph\":[{\"@type\":\"WebPage\",\"@id\":\"https:\/\/lamiacinofilia360.it\/visita-al-museo-al-canile-visit-at-museum-and-kennel-of-the-foundation-barry-27062011-great-st-bernard-pass-mt-2473\/\",\"url\":\"https:\/\/lamiacinofilia360.it\/visita-al-museo-al-canile-visit-at-museum-and-kennel-of-the-foundation-barry-27062011-great-st-bernard-pass-mt-2473\/\",\"name\":\".... VISITA al Museo e al Canile \/ VISIT at Museum and Kennel of \\\"The Foundation Barry - 27\/06\/2011 - Great St Bernard Pass (mt 2473) ... & ... Visita al Museo Storia Naturale di Berna \/ Visit Naturhistoriches Museum Bern - La mia Cinofilia 360\",\"isPartOf\":{\"@id\":\"https:\/\/lamiacinofilia360.it\/it\/#website\"},\"primaryImageOfPage\":{\"@id\":\"https:\/\/lamiacinofilia360.it\/visita-al-museo-al-canile-visit-at-museum-and-kennel-of-the-foundation-barry-27062011-great-st-bernard-pass-mt-2473\/#primaryimage\"},\"image\":{\"@id\":\"https:\/\/lamiacinofilia360.it\/visita-al-museo-al-canile-visit-at-museum-and-kennel-of-the-foundation-barry-27062011-great-st-bernard-pass-mt-2473\/#primaryimage\"},\"thumbnailUrl\":\"https:\/\/lamiacinofilia360.it\/wp-content\/uploads\/2013\/12\/header-300x62.png\",\"datePublished\":\"2017-02-01T16:09:15+00:00\",\"dateModified\":\"2023-08-14T09:44:53+00:00\",\"breadcrumb\":{\"@id\":\"https:\/\/lamiacinofilia360.it\/visita-al-museo-al-canile-visit-at-museum-and-kennel-of-the-foundation-barry-27062011-great-st-bernard-pass-mt-2473\/#breadcrumb\"},\"inLanguage\":\"en-GB\",\"potentialAction\":[{\"@type\":\"ReadAction\",\"target\":[\"https:\/\/lamiacinofilia360.it\/visita-al-museo-al-canile-visit-at-museum-and-kennel-of-the-foundation-barry-27062011-great-st-bernard-pass-mt-2473\/\"]}]},{\"@type\":\"ImageObject\",\"inLanguage\":\"en-GB\",\"@id\":\"https:\/\/lamiacinofilia360.it\/visita-al-museo-al-canile-visit-at-museum-and-kennel-of-the-foundation-barry-27062011-great-st-bernard-pass-mt-2473\/#primaryimage\",\"url\":\"https:\/\/lamiacinofilia360.it\/wp-content\/uploads\/2013\/12\/header-300x62.png\",\"contentUrl\":\"https:\/\/lamiacinofilia360.it\/wp-content\/uploads\/2013\/12\/header-300x62.png\"},{\"@type\":\"BreadcrumbList\",\"@id\":\"https:\/\/lamiacinofilia360.it\/visita-al-museo-al-canile-visit-at-museum-and-kennel-of-the-foundation-barry-27062011-great-st-bernard-pass-mt-2473\/#breadcrumb\",\"itemListElement\":[{\"@type\":\"ListItem\",\"position\":1,\"name\":\"Home\",\"item\":\"https:\/\/lamiacinofilia360.it\/\"},{\"@type\":\"ListItem\",\"position\":2,\"name\":\"&#8230;. VISITA al Museo e al Canile \/ VISIT at Museum and Kennel of &#8220;The Foundation Barry &#8212; 27\/06\/2011 &#8212; Great St Bernard Pass (mt 2473) &#8230; &#038; &#8230; Visita al Museo Storia Naturale di Berna \/ Visit Naturhistoriches Museum Bern\"}]},{\"@type\":\"WebSite\",\"@id\":\"https:\/\/lamiacinofilia360.it\/it\/#website\",\"url\":\"https:\/\/lamiacinofilia360.it\/it\/\",\"name\":\"La mia Cinofilia 360\",\"description\":\"Solo un altro sito WordPress\",\"potentialAction\":[{\"@type\":\"SearchAction\",\"target\":{\"@type\":\"EntryPoint\",\"urlTemplate\":\"https:\/\/lamiacinofilia360.it\/it\/?s={search_term_string}\"},\"query-input\":{\"@type\":\"PropertyValueSpecification\",\"valueRequired\":true,\"valueName\":\"search_term_string\"}}],\"inLanguage\":\"en-GB\"}]}<\/script>\n<!-- \/ Yoast SEO plugin. -->","yoast_head_json":{"title":".... VISITA al Museo e al Canile \/ VISIT at Museum and Kennel of \"The Foundation Barry - 27\/06\/2011 - Great St Bernard Pass (mt 2473) ... & ... Visita al Museo Storia Naturale di Berna \/ Visit Naturhistoriches Museum Bern - La mia Cinofilia 360","robots":{"index":"index","follow":"follow","max-snippet":"max-snippet:-1","max-image-preview":"max-image-preview:large","max-video-preview":"max-video-preview:-1"},"canonical":"https:\/\/lamiacinofilia360.it\/visita-al-museo-al-canile-visit-at-museum-and-kennel-of-the-foundation-barry-27062011-great-st-bernard-pass-mt-2473\/","og_locale":"en_GB","og_type":"article","og_title":".... VISITA al Museo e al Canile \/ VISIT at Museum and Kennel of \"The Foundation Barry - 27\/06\/2011 - Great St Bernard Pass (mt 2473) ... & ... Visita al Museo Storia Naturale di Berna \/ Visit Naturhistoriches Museum Bern - La mia Cinofilia 360","og_description":". &nbsp; LOCANDINA \u00a0EVENTO AUTOCOSTRUITA CON ALCUNE MIE FOTO (SELF-MADE \u00a0EVENT POSTER WITH SOME MY PHOTOS) PER VEDERE \u00a0 10 \u00a0MIE \u00a0FOTO IN ORIGINALE, CLUCCA \u00a0 SOTTO\u00a0 \u00a0TO SEE \u00a0MY 10 ORIGINAL PHOTOS, CLICK BELOW \u00a0 https:\/\/www.facebook.com\/media\/set\/?set=a.2066431603572497&amp;type=3 &nbsp; &nbsp; https:\/\/en.wikipedia.org\/wiki\/Barry_(dog) \u00a0 &nbsp; (Tutti &#8211; Video &#8211; Immagini) https:\/\/www.google.it\/search?q=BARRY.+ST+BERNARD&amp;biw=1600&amp;bih=711&amp;source= lnms&amp;sa=X&amp;ved=0ahUKEwiCqOrHqO_RAhVE1hQKHXiIDPUQ_AUIBygA&amp;dpr=2\u00a0 \u00a0. \u00a0\u00a0 . &nbsp; PERCHE&#8217; BARRY [&hellip;]","og_url":"https:\/\/lamiacinofilia360.it\/visita-al-museo-al-canile-visit-at-museum-and-kennel-of-the-foundation-barry-27062011-great-st-bernard-pass-mt-2473\/","og_site_name":"La mia Cinofilia 360","article_modified_time":"2023-08-14T09:44:53+00:00","og_image":[{"url":"https:\/\/lamiacinofilia360.it\/wp-content\/uploads\/2013\/12\/header-300x62.png","type":"","width":"","height":""}],"twitter_misc":{"Est. reading time":"1 minute"},"schema":{"@context":"https:\/\/schema.org","@graph":[{"@type":"WebPage","@id":"https:\/\/lamiacinofilia360.it\/visita-al-museo-al-canile-visit-at-museum-and-kennel-of-the-foundation-barry-27062011-great-st-bernard-pass-mt-2473\/","url":"https:\/\/lamiacinofilia360.it\/visita-al-museo-al-canile-visit-at-museum-and-kennel-of-the-foundation-barry-27062011-great-st-bernard-pass-mt-2473\/","name":".... VISITA al Museo e al Canile \/ VISIT at Museum and Kennel of \"The Foundation Barry - 27\/06\/2011 - Great St Bernard Pass (mt 2473) ... & ... Visita al Museo Storia Naturale di Berna \/ Visit Naturhistoriches Museum Bern - La mia Cinofilia 360","isPartOf":{"@id":"https:\/\/lamiacinofilia360.it\/it\/#website"},"primaryImageOfPage":{"@id":"https:\/\/lamiacinofilia360.it\/visita-al-museo-al-canile-visit-at-museum-and-kennel-of-the-foundation-barry-27062011-great-st-bernard-pass-mt-2473\/#primaryimage"},"image":{"@id":"https:\/\/lamiacinofilia360.it\/visita-al-museo-al-canile-visit-at-museum-and-kennel-of-the-foundation-barry-27062011-great-st-bernard-pass-mt-2473\/#primaryimage"},"thumbnailUrl":"https:\/\/lamiacinofilia360.it\/wp-content\/uploads\/2013\/12\/header-300x62.png","datePublished":"2017-02-01T16:09:15+00:00","dateModified":"2023-08-14T09:44:53+00:00","breadcrumb":{"@id":"https:\/\/lamiacinofilia360.it\/visita-al-museo-al-canile-visit-at-museum-and-kennel-of-the-foundation-barry-27062011-great-st-bernard-pass-mt-2473\/#breadcrumb"},"inLanguage":"en-GB","potentialAction":[{"@type":"ReadAction","target":["https:\/\/lamiacinofilia360.it\/visita-al-museo-al-canile-visit-at-museum-and-kennel-of-the-foundation-barry-27062011-great-st-bernard-pass-mt-2473\/"]}]},{"@type":"ImageObject","inLanguage":"en-GB","@id":"https:\/\/lamiacinofilia360.it\/visita-al-museo-al-canile-visit-at-museum-and-kennel-of-the-foundation-barry-27062011-great-st-bernard-pass-mt-2473\/#primaryimage","url":"https:\/\/lamiacinofilia360.it\/wp-content\/uploads\/2013\/12\/header-300x62.png","contentUrl":"https:\/\/lamiacinofilia360.it\/wp-content\/uploads\/2013\/12\/header-300x62.png"},{"@type":"BreadcrumbList","@id":"https:\/\/lamiacinofilia360.it\/visita-al-museo-al-canile-visit-at-museum-and-kennel-of-the-foundation-barry-27062011-great-st-bernard-pass-mt-2473\/#breadcrumb","itemListElement":[{"@type":"ListItem","position":1,"name":"Home","item":"https:\/\/lamiacinofilia360.it\/"},{"@type":"ListItem","position":2,"name":"&#8230;. VISITA al Museo e al Canile \/ VISIT at Museum and Kennel of &#8220;The Foundation Barry &#8212; 27\/06\/2011 &#8212; Great St Bernard Pass (mt 2473) &#8230; &#038; &#8230; Visita al Museo Storia Naturale di Berna \/ Visit Naturhistoriches Museum Bern"}]},{"@type":"WebSite","@id":"https:\/\/lamiacinofilia360.it\/it\/#website","url":"https:\/\/lamiacinofilia360.it\/it\/","name":"La mia Cinofilia 360","description":"Solo un altro sito WordPress","potentialAction":[{"@type":"SearchAction","target":{"@type":"EntryPoint","urlTemplate":"https:\/\/lamiacinofilia360.it\/it\/?s={search_term_string}"},"query-input":{"@type":"PropertyValueSpecification","valueRequired":true,"valueName":"search_term_string"}}],"inLanguage":"en-GB"}]}},"_links":{"self":[{"href":"https:\/\/lamiacinofilia360.it\/en\/wp-json\/wp\/v2\/pages\/39207","targetHints":{"allow":["GET"]}}],"collection":[{"href":"https:\/\/lamiacinofilia360.it\/en\/wp-json\/wp\/v2\/pages"}],"about":[{"href":"https:\/\/lamiacinofilia360.it\/en\/wp-json\/wp\/v2\/types\/page"}],"author":[{"embeddable":true,"href":"https:\/\/lamiacinofilia360.it\/en\/wp-json\/wp\/v2\/users\/3"}],"replies":[{"embeddable":true,"href":"https:\/\/lamiacinofilia360.it\/en\/wp-json\/wp\/v2\/comments?post=39207"}],"version-history":[{"count":1,"href":"https:\/\/lamiacinofilia360.it\/en\/wp-json\/wp\/v2\/pages\/39207\/revisions"}],"predecessor-version":[{"id":39212,"href":"https:\/\/lamiacinofilia360.it\/en\/wp-json\/wp\/v2\/pages\/39207\/revisions\/39212"}],"wp:attachment":[{"href":"https:\/\/lamiacinofilia360.it\/en\/wp-json\/wp\/v2\/media?parent=39207"}],"curies":[{"name":"wp","href":"https:\/\/api.w.org\/{rel}","templated":true}]}}